{"id":12,"date":"2009-02-04T15:22:09","date_gmt":"2009-02-04T14:22:09","guid":{"rendered":"http:\/\/salvatorianos.org\/blog\/familiasalvatoriana\/?page_id=12"},"modified":"2009-02-04T15:22:09","modified_gmt":"2009-02-04T14:22:09","slug":"contacto","status":"publish","type":"page","link":"https:\/\/www.salvatorianos.org\/blog\/familiasalvatoriana\/contacto\/","title":{"rendered":"Contacto"},"content":{"rendered":"<p>Pod\u00e9is poneros en contacto con el editor de este blog enviando un mensaje de correo electr\u00f3nico a la siguiente direcci\u00f3n:<\/p>\n<p><a href=\"mailto:josemaria.rodanes@salvatorianos.org\">josemaria.rodanes@salvatorianos.org<\/a><\/p>\n<p>O pod\u00e9is dejar un comentario en el formulario:<\/p>\n","protected":false},"excerpt":{"rendered":"<p>Pod\u00e9is poneros en contacto con el editor de este blog enviando un mensaje de correo electr\u00f3nico a la siguiente direcci\u00f3n: josemaria.rodanes@salvatorianos.org O pod\u00e9is dejar un comentario en el formulario:<\/p>\n","protected":false},"author":1,"featured_media":0,"parent":0,"menu_order":0,"comment_status":"open","ping_status":"open","template":"","meta":{"footnotes":""},"class_list":["post-12","page","type-page","status-publish","hentry"],"_links":{"self":[{"href":"https:\/\/www.salvatorianos.org\/blog\/familiasalvatoriana\/wp-json\/wp\/v2\/pages\/12","targetHints":{"allow":["GET"]}}],"collection":[{"href":"https:\/\/www.salvatorianos.org\/blog\/familiasalvatoriana\/wp-json\/wp\/v2\/pages"}],"about":[{"href":"https:\/\/www.salvatorianos.org\/blog\/familiasalvatoriana\/wp-json\/wp\/v2\/types\/page"}],"author":[{"embeddable":true,"href":"https:\/\/www.salvatorianos.org\/blog\/familiasalvatoriana\/wp-json\/wp\/v2\/users\/1"}],"replies":[{"embeddable":true,"href":"https:\/\/www.salvatorianos.org\/blog\/familiasalvatoriana\/wp-json\/wp\/v2\/comments?post=12"}],"version-history":[{"count":0,"href":"https:\/\/www.salvatorianos.org\/blog\/familiasalvatoriana\/wp-json\/wp\/v2\/pages\/12\/revisions"}],"wp:attachment":[{"href":"https:\/\/www.salvatorianos.org\/blog\/familiasalvatoriana\/wp-json\/wp\/v2\/media?parent=12"}],"curies":[{"name":"wp","href":"https:\/\/api.w.org\/{rel}","templated":true}]}}