{"id":31,"date":"2009-01-29T15:43:59","date_gmt":"2009-01-29T14:43:59","guid":{"rendered":"http:\/\/salvatorianos.org\/blog\/familiasalvatoriana\/index.php?page_id=2"},"modified":"2009-01-29T15:43:59","modified_gmt":"2009-01-29T14:43:59","slug":"acerca-de","status":"publish","type":"page","link":"https:\/\/www.salvatorianos.org\/blog\/familiasalvatoriana\/acerca-de\/","title":{"rendered":"El autor"},"content":{"rendered":"<p><strong>Jos\u00e9 Mar\u00eda Rodan\u00e9s<\/strong><\/p>\n<p>Misionero Salvatoriano. Experiencias de Misi\u00f3n 5 a\u00f1os en Colombia y 13 en Venezuela.<br \/>\nRealizamos  encuentros y formaci\u00f3n de adultos en la Fe, a trav\u00e9s de la Pastoral familiar parroquial, encuentros con Grupos de Misiones Amsala de formaci\u00f3n y posibles contactos con la Misi\u00f3n en Guatemala. Queremos y so\u00f1amos poder asumir nuestra misi\u00f3n, en Familia, con laicos, solteros, casados, religiosos y religiosas.<br \/>\nUrge una visi\u00f3n universal, plural, diversa desde la comuni\u00f3n en la solidaridad, en la lucha por la justicia y la Paz.<br \/>\nAqu\u00ed estamos para poder compartir la Fe , nuestras experiencias de vida desde el mensaje de Jes\u00fas en acciones que promocionen al ser humano en su Dignidad, en especial con los empobrecidos, para compartir su causa y su suerte y sean ellos protagonistas de su propia historia.<\/p>\n","protected":false},"excerpt":{"rendered":"<p>Jos\u00e9 Mar\u00eda Rodan\u00e9s Misionero Salvatoriano. Experiencias de Misi\u00f3n 5 a\u00f1os en Colombia y 13 en Venezuela. Realizamos encuentros y formaci\u00f3n de adultos en la Fe, a trav\u00e9s de la Pastoral familiar parroquial, encuentros con Grupos de Misiones Amsala de formaci\u00f3n y posibles contactos con la Misi\u00f3n en Guatemala. Queremos y so\u00f1amos poder asumir nuestra misi\u00f3n, &bull;  <a class=\"read-more\" href=\"https:\/\/www.salvatorianos.org\/blog\/familiasalvatoriana\/acerca-de\/\"> Leer m\u00e1s &raquo;<\/a><\/p>\n","protected":false},"author":1,"featured_media":0,"parent":0,"menu_order":0,"comment_status":"closed","ping_status":"closed","template":"","meta":{"footnotes":""},"class_list":["post-31","page","type-page","status-publish","hentry"],"_links":{"self":[{"href":"https:\/\/www.salvatorianos.org\/blog\/familiasalvatoriana\/wp-json\/wp\/v2\/pages\/31","targetHints":{"allow":["GET"]}}],"collection":[{"href":"https:\/\/www.salvatorianos.org\/blog\/familiasalvatoriana\/wp-json\/wp\/v2\/pages"}],"about":[{"href":"https:\/\/www.salvatorianos.org\/blog\/familiasalvatoriana\/wp-json\/wp\/v2\/types\/page"}],"author":[{"embeddable":true,"href":"https:\/\/www.salvatorianos.org\/blog\/familiasalvatoriana\/wp-json\/wp\/v2\/users\/1"}],"replies":[{"embeddable":true,"href":"https:\/\/www.salvatorianos.org\/blog\/familiasalvatoriana\/wp-json\/wp\/v2\/comments?post=31"}],"version-history":[{"count":1,"href":"https:\/\/www.salvatorianos.org\/blog\/familiasalvatoriana\/wp-json\/wp\/v2\/pages\/31\/revisions"}],"predecessor-version":[{"id":35,"href":"https:\/\/www.salvatorianos.org\/blog\/familiasalvatoriana\/wp-json\/wp\/v2\/pages\/31\/revisions\/35"}],"wp:attachment":[{"href":"https:\/\/www.salvatorianos.org\/blog\/familiasalvatoriana\/wp-json\/wp\/v2\/media?parent=31"}],"curies":[{"name":"wp","href":"https:\/\/api.w.org\/{rel}","templated":true}]}}